{"id":3242,"date":"2023-02-26T17:31:12","date_gmt":"2023-02-26T16:31:12","guid":{"rendered":"https:\/\/www.bs-eas.de\/shop\/?post_type=product&#038;p=3242"},"modified":"2025-07-08T21:44:24","modified_gmt":"2025-07-08T19:44:24","slug":"synergy-dual-25-sensormatic-eas-anlage-synergy-1180","status":"publish","type":"product","link":"https:\/\/www.bs-eas.de\/shop\/produkt\/synergy-dual-25-sensormatic-eas-anlage-synergy-1180\/","title":{"rendered":"Synergy Dual 2,5 &#8211; Sensormatic &#8211; EAS-Anlage Synergy 1180"},"content":{"rendered":"<h2>Schlankes, transparentes Design f\u00fcr breite oder mehrere Ausg\u00e4nge \u2013 Store Performance der n\u00e4chsten Generation<\/h2>\n<p style=\"text-align: justify;\">Das Synergy 2.5m Acrylic Pedestal ist eine zentrale Komponente der Sensormatic Synergy-Suite. Das schlanke, offen wirkende Rahmendesign bewahrt die Laden\u00e4sthetik, da die hochwertige Acrylstruktur die richtige Optik f\u00fcr praktisch alle Verkaufsumgebungen bietet. Dieses Erkennungssystem ist ideal f\u00fcr breite oder mehrere Ausg\u00e4nge. Dank Sensormatic AM-EAS-Technologie und einer Abdeckung von bis zu 2,5 m (8 Fu\u00df, 2 Zoll) zwischen den S\u00e4ulen bietet es ein H\u00f6chstma\u00df an Diebstahlschutz, ohne den Kundenstrom zu behindern.<\/p>\n<p style=\"text-align: justify;\">Die integrierte Vorrichtung f\u00fcr akustische und optische Signale zeigt dem Personal an, wenn gesch\u00fctzte Ware durch den Erkennungsbereich gebracht wird. Die akustischen und optischen Alarme k\u00f6nnen f\u00fcr verschiedene Ereignistypen konfiguriert werden. Durch Verkn\u00fcpfung der akustischen Alarme mit den Raumbeleuchtungsoptionen l\u00e4sst sich der Ursprung des Alarms (wie Metallfolientaschen und St\u00f6rger\u00e4te) ablesen.<\/p>\n<p style=\"text-align: justify;\">Die S\u00e4ule verf\u00fcgt au\u00dferdem \u00fcber integrierte Personenz\u00e4hlsensoren, die mit mehreren Lichtstrahlen messen und deshalb h\u00f6chst pr\u00e4zise arbeiten. In Verbindung mit der Synergy-Netzwerkkarte liefern die Sensoren wertvolle Einblicke in die Kundenstr\u00f6me. Anhand dieser Daten l\u00e4sst sich die Store Performance optimieren und die Konversionsrate erh\u00f6hen. Werden die Kundenfrequenzdaten mit EAS-Alarmereignissen verkn\u00fcpft, so k\u00f6nnen die Sensoren sogar zwischen kommenden und gehenden Kunden unterscheiden. Damit geh\u00f6ren Fehlalarme durch Kunden, die sich mit gesch\u00fctzten Waren in der N\u00e4he der S\u00e4ulen aufhalten, praktisch der Vergangenheit an.<\/p>\n<p style=\"text-align: justify;\">Die Personenz\u00e4hlsensoren erm\u00f6glichen zudem eine \u201ePower-on-Demand\u201c-Funktion, die das System bei geringem oder fehlendem Kundenstrom in den energiesparenden Standby-Modus versetzt und den Stromverbrauch dabei um bis zu 90 % senkt. Zur effektiven Bek\u00e4mpfung von organisierter Einzelhandelskriminalit\u00e4t kann der AMS-9060-Kontroller \u2013 Bestandteil dieses flexiblen, modularen Systems \u2013 mit der optionalen Steckkarte f\u00fcr die Metallfolienerkennung erg\u00e4nzt werden.<\/p>\n<p style=\"text-align: justify;\">Die standardm\u00e4\u00dfig in diesem S\u00e4ulensystem enthaltene Netzwerksteckkarte erm\u00f6glicht die Fernverwaltung und liefert EAS sowie Traffic-Intelligence-Daten. Mit der konfigurierten Funktion \u201eTags Too Close\u201c (TTC, \u201eEtiketten-zu-nah\u201c) l\u00e4sst sich der verf\u00fcgbare Verkaufsraum in der N\u00e4he der S\u00e4ulen bestm\u00f6glich aussch\u00f6pfen. Diese Funktion tr\u00e4gt dazu bei, unn\u00f6tige und kostspielige Serviceeins\u00e4tze sowie st\u00f6rende Fehlalarme zu verringern, um das Kundenerlebnis zu verbessern.<\/p>\n<p style=\"text-align: justify;\">Eine weitere im System konfigurierte Funktion ist die Erkennung von St\u00f6rsendern (\u201eJammer Detection\u201c). Sie l\u00f6st einen Alarm an der S\u00e4ule aus, sobald ein elektronisches Signal eines St\u00f6rsenders entdeckt wird. So werden fr\u00fchzeitig potenzielle Diebe erkannt, die das Diebstahlschutzsystem zu umgehen versuchen.<\/p>\n","protected":false},"excerpt":{"rendered":"<p>\u2022 Sensormatic AM-Sensoren<br \/>\n\u2022 Ranger-Antenne<br \/>\n\u2022 Satellite-Antenne<br \/>\n\u2022 Amorphous-Core-Antenne<br \/>\n\u2022 Stereo-Deckensensor f\u00fcr Kundenfrequenzz\u00e4hlung<br \/>\n\u2022 Mono-Deckensensor f\u00fcr Kundenfrequenzz\u00e4hlung<br \/>\n\u2022 Wireless Device Manager<br \/>\n\u2022 Wireless Module<br \/>\n\u2022 Shrink Management as a Service<br \/>\n\u2022 Steckkarte f\u00fcr die Metallfolienerkennung (MFD)<br \/>\n\u2022 Digitaler Fernalarm<\/p>\n","protected":false},"featured_media":3659,"template":"","meta":[],"product_cat":[115],"product_tag":[169,175,168,167,163],"class_list":["post-3242","product","type-product","status-publish","has-post-thumbnail","hentry","product_cat-eas-anlagen-sensormatic","product_tag-169","product_tag-dual","product_tag-eas-anlage","product_tag-sensormatic","product_tag-synergy"],"tiered_pricing_type":"fixed","tiered_pricing_fixed_rules":[],"tiered_pricing_percentage_rules":[],"tiered_pricing_minimum":1,"_administrator_tiered_pricing_type":"fixed","_administrator_tiered_pricing_fixed_rules":[],"_editor_tiered_pricing_type":"fixed","_editor_tiered_pricing_fixed_rules":[],"_author_tiered_pricing_type":"fixed","_author_tiered_pricing_fixed_rules":[],"_contributor_tiered_pricing_type":"fixed","_contributor_tiered_pricing_fixed_rules":[],"_subscriber_tiered_pricing_type":"fixed","_subscriber_tiered_pricing_fixed_rules":[],"_customer_tiered_pricing_type":"fixed","_customer_tiered_pricing_fixed_rules":[],"_shop_manager_tiered_pricing_type":"fixed","_shop_manager_tiered_pricing_fixed_rules":[],"_wpseo_manager_tiered_pricing_type":"fixed","_wpseo_manager_tiered_pricing_fixed_rules":[],"_wpseo_editor_tiered_pricing_type":"fixed","_wpseo_editor_tiered_pricing_fixed_rules":[],"_translator_tiered_pricing_type":"fixed","_translator_tiered_pricing_fixed_rules":[],"yoast_head":"<!-- This site is optimized with the Yoast SEO plugin v25.4 - https:\/\/yoast.com\/wordpress\/plugins\/seo\/ -->\n<title>Synergy Dual 2,5 - Sensormatic - EAS-Anlage Synergy 1180 - B&amp;S Service GmbH Shop<\/title>\n<meta name=\"description\" content=\"Synergy Dual 2,5 - Sensormatic - EAS-Anlage Synergy 1180 &gt; im B&amp;S Sicherheitstechnik Shop kaufen\" \/>\n<meta name=\"robots\" content=\"index, follow, max-snippet:-1, max-image-preview:large, max-video-preview:-1\" \/>\n<link rel=\"canonical\" href=\"https:\/\/www.bs-eas.de\/shop\/produkt\/synergy-dual-25-sensormatic-eas-anlage-synergy-1180\/\" \/>\n<meta property=\"og:locale\" content=\"de_DE\" \/>\n<meta property=\"og:type\" content=\"article\" \/>\n<meta property=\"og:title\" content=\"Synergy Dual 2,5 - Sensormatic - EAS-Anlage Synergy 1180 - B&amp;S Service GmbH Shop\" \/>\n<meta property=\"og:description\" content=\"Synergy Dual 2,5 - Sensormatic - EAS-Anlage Synergy 1180 &gt; im B&amp;S Sicherheitstechnik Shop kaufen\" \/>\n<meta property=\"og:url\" content=\"https:\/\/www.bs-eas.de\/shop\/produkt\/synergy-dual-25-sensormatic-eas-anlage-synergy-1180\/\" \/>\n<meta property=\"og:site_name\" content=\"B&amp;S Service GmbH Shop\" \/>\n<meta property=\"article:publisher\" content=\"https:\/\/www.facebook.com\/profile.php?id=100057193283601\" \/>\n<meta property=\"article:modified_time\" content=\"2025-07-08T19:44:24+00:00\" \/>\n<meta property=\"og:image\" content=\"https:\/\/www.bs-eas.de\/shop\/wp-content\/uploads\/2023\/02\/Synergy-2-5-Dual-01.jpg\" \/>\n\t<meta property=\"og:image:width\" content=\"600\" \/>\n\t<meta property=\"og:image:height\" content=\"600\" \/>\n\t<meta property=\"og:image:type\" content=\"image\/jpeg\" \/>\n<meta name=\"twitter:card\" content=\"summary_large_image\" \/>\n<meta name=\"twitter:label1\" content=\"Gesch\u00e4tzte Lesezeit\" \/>\n\t<meta name=\"twitter:data1\" content=\"3\u00a0Minuten\" \/>\n<script type=\"application\/ld+json\" class=\"yoast-schema-graph\">{\"@context\":\"https:\/\/schema.org\",\"@graph\":[{\"@type\":\"WebPage\",\"@id\":\"https:\/\/www.bs-eas.de\/shop\/produkt\/synergy-dual-25-sensormatic-eas-anlage-synergy-1180\/\",\"url\":\"https:\/\/www.bs-eas.de\/shop\/produkt\/synergy-dual-25-sensormatic-eas-anlage-synergy-1180\/\",\"name\":\"Synergy Dual 2,5 - Sensormatic - EAS-Anlage Synergy 1180 - B&amp;S Service GmbH Shop\",\"isPartOf\":{\"@id\":\"https:\/\/www.bs-eas.de\/shop\/#website\"},\"primaryImageOfPage\":{\"@id\":\"https:\/\/www.bs-eas.de\/shop\/produkt\/synergy-dual-25-sensormatic-eas-anlage-synergy-1180\/#primaryimage\"},\"image\":{\"@id\":\"https:\/\/www.bs-eas.de\/shop\/produkt\/synergy-dual-25-sensormatic-eas-anlage-synergy-1180\/#primaryimage\"},\"thumbnailUrl\":\"https:\/\/www.bs-eas.de\/shop\/wp-content\/uploads\/2023\/02\/Synergy-2-5-Dual-01.jpg\",\"datePublished\":\"2023-02-26T16:31:12+00:00\",\"dateModified\":\"2025-07-08T19:44:24+00:00\",\"description\":\"Synergy Dual 2,5 - Sensormatic - EAS-Anlage Synergy 1180 > im B&S Sicherheitstechnik Shop kaufen\",\"breadcrumb\":{\"@id\":\"https:\/\/www.bs-eas.de\/shop\/produkt\/synergy-dual-25-sensormatic-eas-anlage-synergy-1180\/#breadcrumb\"},\"inLanguage\":\"de\",\"potentialAction\":[{\"@type\":\"ReadAction\",\"target\":[\"https:\/\/www.bs-eas.de\/shop\/produkt\/synergy-dual-25-sensormatic-eas-anlage-synergy-1180\/\"]}]},{\"@type\":\"ImageObject\",\"inLanguage\":\"de\",\"@id\":\"https:\/\/www.bs-eas.de\/shop\/produkt\/synergy-dual-25-sensormatic-eas-anlage-synergy-1180\/#primaryimage\",\"url\":\"https:\/\/www.bs-eas.de\/shop\/wp-content\/uploads\/2023\/02\/Synergy-2-5-Dual-01.jpg\",\"contentUrl\":\"https:\/\/www.bs-eas.de\/shop\/wp-content\/uploads\/2023\/02\/Synergy-2-5-Dual-01.jpg\",\"width\":600,\"height\":600,\"caption\":\"Synergy-2-5-Dual-01\"},{\"@type\":\"BreadcrumbList\",\"@id\":\"https:\/\/www.bs-eas.de\/shop\/produkt\/synergy-dual-25-sensormatic-eas-anlage-synergy-1180\/#breadcrumb\",\"itemListElement\":[{\"@type\":\"ListItem\",\"position\":1,\"name\":\"Startseite\",\"item\":\"https:\/\/www.bs-eas.de\/shop\/\"},{\"@type\":\"ListItem\",\"position\":2,\"name\":\"Produkte\",\"item\":\"https:\/\/www.bs-eas.de\/shop\/shop\/\"},{\"@type\":\"ListItem\",\"position\":3,\"name\":\"Synergy Dual 2,5 &#8211; Sensormatic &#8211; EAS-Anlage Synergy 1180\"}]},{\"@type\":\"WebSite\",\"@id\":\"https:\/\/www.bs-eas.de\/shop\/#website\",\"url\":\"https:\/\/www.bs-eas.de\/shop\/\",\"name\":\"Sicherheitstechnik Shop - B&S Service GmbH\",\"description\":\"\",\"publisher\":{\"@id\":\"https:\/\/www.bs-eas.de\/shop\/#organization\"},\"alternateName\":\"B&S Sicherheitstechnik Shop\",\"potentialAction\":[{\"@type\":\"SearchAction\",\"target\":{\"@type\":\"EntryPoint\",\"urlTemplate\":\"https:\/\/www.bs-eas.de\/shop\/?s={search_term_string}\"},\"query-input\":{\"@type\":\"PropertyValueSpecification\",\"valueRequired\":true,\"valueName\":\"search_term_string\"}}],\"inLanguage\":\"de\"},{\"@type\":\"Organization\",\"@id\":\"https:\/\/www.bs-eas.de\/shop\/#organization\",\"name\":\"Sicherheitstechnik Shop - B&S Service GmbH\",\"url\":\"https:\/\/www.bs-eas.de\/shop\/\",\"logo\":{\"@type\":\"ImageObject\",\"inLanguage\":\"de\",\"@id\":\"https:\/\/www.bs-eas.de\/shop\/#\/schema\/logo\/image\/\",\"url\":\"https:\/\/www.bs-eas.de\/shop\/wp-content\/uploads\/2022\/07\/BS-Logo.png\",\"contentUrl\":\"https:\/\/www.bs-eas.de\/shop\/wp-content\/uploads\/2022\/07\/BS-Logo.png\",\"width\":500,\"height\":250,\"caption\":\"Sicherheitstechnik Shop - B&S Service GmbH\"},\"image\":{\"@id\":\"https:\/\/www.bs-eas.de\/shop\/#\/schema\/logo\/image\/\"},\"sameAs\":[\"https:\/\/www.facebook.com\/profile.php?id=100057193283601\",\"https:\/\/www.instagram.com\/bundsservicegmbh\/\"]}]}<\/script>\n<!-- \/ Yoast SEO plugin. -->","yoast_head_json":{"title":"Synergy Dual 2,5 - Sensormatic - EAS-Anlage Synergy 1180 - B&amp;S Service GmbH Shop","description":"Synergy Dual 2,5 - Sensormatic - EAS-Anlage Synergy 1180 > im B&S Sicherheitstechnik Shop kaufen","robots":{"index":"index","follow":"follow","max-snippet":"max-snippet:-1","max-image-preview":"max-image-preview:large","max-video-preview":"max-video-preview:-1"},"canonical":"https:\/\/www.bs-eas.de\/shop\/produkt\/synergy-dual-25-sensormatic-eas-anlage-synergy-1180\/","og_locale":"de_DE","og_type":"article","og_title":"Synergy Dual 2,5 - Sensormatic - EAS-Anlage Synergy 1180 - B&amp;S Service GmbH Shop","og_description":"Synergy Dual 2,5 - Sensormatic - EAS-Anlage Synergy 1180 > im B&S Sicherheitstechnik Shop kaufen","og_url":"https:\/\/www.bs-eas.de\/shop\/produkt\/synergy-dual-25-sensormatic-eas-anlage-synergy-1180\/","og_site_name":"B&amp;S Service GmbH Shop","article_publisher":"https:\/\/www.facebook.com\/profile.php?id=100057193283601","article_modified_time":"2025-07-08T19:44:24+00:00","og_image":[{"width":600,"height":600,"url":"https:\/\/www.bs-eas.de\/shop\/wp-content\/uploads\/2023\/02\/Synergy-2-5-Dual-01.jpg","type":"image\/jpeg"}],"twitter_card":"summary_large_image","twitter_misc":{"Gesch\u00e4tzte Lesezeit":"3\u00a0Minuten"},"schema":{"@context":"https:\/\/schema.org","@graph":[{"@type":"WebPage","@id":"https:\/\/www.bs-eas.de\/shop\/produkt\/synergy-dual-25-sensormatic-eas-anlage-synergy-1180\/","url":"https:\/\/www.bs-eas.de\/shop\/produkt\/synergy-dual-25-sensormatic-eas-anlage-synergy-1180\/","name":"Synergy Dual 2,5 - Sensormatic - EAS-Anlage Synergy 1180 - B&amp;S Service GmbH Shop","isPartOf":{"@id":"https:\/\/www.bs-eas.de\/shop\/#website"},"primaryImageOfPage":{"@id":"https:\/\/www.bs-eas.de\/shop\/produkt\/synergy-dual-25-sensormatic-eas-anlage-synergy-1180\/#primaryimage"},"image":{"@id":"https:\/\/www.bs-eas.de\/shop\/produkt\/synergy-dual-25-sensormatic-eas-anlage-synergy-1180\/#primaryimage"},"thumbnailUrl":"https:\/\/www.bs-eas.de\/shop\/wp-content\/uploads\/2023\/02\/Synergy-2-5-Dual-01.jpg","datePublished":"2023-02-26T16:31:12+00:00","dateModified":"2025-07-08T19:44:24+00:00","description":"Synergy Dual 2,5 - Sensormatic - EAS-Anlage Synergy 1180 > im B&S Sicherheitstechnik Shop kaufen","breadcrumb":{"@id":"https:\/\/www.bs-eas.de\/shop\/produkt\/synergy-dual-25-sensormatic-eas-anlage-synergy-1180\/#breadcrumb"},"inLanguage":"de","potentialAction":[{"@type":"ReadAction","target":["https:\/\/www.bs-eas.de\/shop\/produkt\/synergy-dual-25-sensormatic-eas-anlage-synergy-1180\/"]}]},{"@type":"ImageObject","inLanguage":"de","@id":"https:\/\/www.bs-eas.de\/shop\/produkt\/synergy-dual-25-sensormatic-eas-anlage-synergy-1180\/#primaryimage","url":"https:\/\/www.bs-eas.de\/shop\/wp-content\/uploads\/2023\/02\/Synergy-2-5-Dual-01.jpg","contentUrl":"https:\/\/www.bs-eas.de\/shop\/wp-content\/uploads\/2023\/02\/Synergy-2-5-Dual-01.jpg","width":600,"height":600,"caption":"Synergy-2-5-Dual-01"},{"@type":"BreadcrumbList","@id":"https:\/\/www.bs-eas.de\/shop\/produkt\/synergy-dual-25-sensormatic-eas-anlage-synergy-1180\/#breadcrumb","itemListElement":[{"@type":"ListItem","position":1,"name":"Startseite","item":"https:\/\/www.bs-eas.de\/shop\/"},{"@type":"ListItem","position":2,"name":"Produkte","item":"https:\/\/www.bs-eas.de\/shop\/shop\/"},{"@type":"ListItem","position":3,"name":"Synergy Dual 2,5 &#8211; Sensormatic &#8211; EAS-Anlage Synergy 1180"}]},{"@type":"WebSite","@id":"https:\/\/www.bs-eas.de\/shop\/#website","url":"https:\/\/www.bs-eas.de\/shop\/","name":"Sicherheitstechnik Shop - B&S Service GmbH","description":"","publisher":{"@id":"https:\/\/www.bs-eas.de\/shop\/#organization"},"alternateName":"B&S Sicherheitstechnik Shop","potentialAction":[{"@type":"SearchAction","target":{"@type":"EntryPoint","urlTemplate":"https:\/\/www.bs-eas.de\/shop\/?s={search_term_string}"},"query-input":{"@type":"PropertyValueSpecification","valueRequired":true,"valueName":"search_term_string"}}],"inLanguage":"de"},{"@type":"Organization","@id":"https:\/\/www.bs-eas.de\/shop\/#organization","name":"Sicherheitstechnik Shop - B&S Service GmbH","url":"https:\/\/www.bs-eas.de\/shop\/","logo":{"@type":"ImageObject","inLanguage":"de","@id":"https:\/\/www.bs-eas.de\/shop\/#\/schema\/logo\/image\/","url":"https:\/\/www.bs-eas.de\/shop\/wp-content\/uploads\/2022\/07\/BS-Logo.png","contentUrl":"https:\/\/www.bs-eas.de\/shop\/wp-content\/uploads\/2022\/07\/BS-Logo.png","width":500,"height":250,"caption":"Sicherheitstechnik Shop - B&S Service GmbH"},"image":{"@id":"https:\/\/www.bs-eas.de\/shop\/#\/schema\/logo\/image\/"},"sameAs":["https:\/\/www.facebook.com\/profile.php?id=100057193283601","https:\/\/www.instagram.com\/bundsservicegmbh\/"]}]}},"_links":{"self":[{"href":"https:\/\/www.bs-eas.de\/shop\/wp-json\/wp\/v2\/product\/3242"}],"collection":[{"href":"https:\/\/www.bs-eas.de\/shop\/wp-json\/wp\/v2\/product"}],"about":[{"href":"https:\/\/www.bs-eas.de\/shop\/wp-json\/wp\/v2\/types\/product"}],"wp:featuredmedia":[{"embeddable":true,"href":"https:\/\/www.bs-eas.de\/shop\/wp-json\/wp\/v2\/media\/3659"}],"wp:attachment":[{"href":"https:\/\/www.bs-eas.de\/shop\/wp-json\/wp\/v2\/media?parent=3242"}],"wp:term":[{"taxonomy":"product_cat","embeddable":true,"href":"https:\/\/www.bs-eas.de\/shop\/wp-json\/wp\/v2\/product_cat?post=3242"},{"taxonomy":"product_tag","embeddable":true,"href":"https:\/\/www.bs-eas.de\/shop\/wp-json\/wp\/v2\/product_tag?post=3242"}],"curies":[{"name":"wp","href":"https:\/\/api.w.org\/{rel}","templated":true}]}}