{"id":3229,"date":"2023-02-26T17:31:04","date_gmt":"2023-02-26T16:31:04","guid":{"rendered":"https:\/\/www.bs-eas.de\/shop\/?post_type=product&#038;p=3229"},"modified":"2025-07-08T20:37:14","modified_gmt":"2025-07-08T18:37:14","slug":"sensormatic-ap-klebeetikett-zlaps1-ve-5-000-optik-weiss","status":"publish","type":"product","link":"https:\/\/www.bs-eas.de\/shop\/produkt\/sensormatic-ap-klebeetikett-zlaps1-ve-5-000-optik-weiss\/","title":{"rendered":"Sensormatic AP-Klebeetikett &#8211; ZLAPS1 VE: 5.000 \/ Optik: Wei\u00df"},"content":{"rendered":"<h2>AP-Klebeetikett (auf Blatt)<\/h2>\n<p>Das Advanced Performance-Klebeetikett (AP) auf Blatt bietet zuverl\u00e4ssig hohe Leistung und sicheren Schutz f\u00fcr Waren dank der bew\u00e4hrten Sensormatic-Technologie. Dieses AM-EAS-Etikett zeichnet sich dank seiner Robustheit durch konsistente Deaktivierungen am Point-of-Sale (POS) und seine zuverl\u00e4ssige Leistungsf\u00e4higkeit aus, die auch Beanspruchungen wie Warenumschlag und Transport \u00fcbersteht. Dieses Etikett kann im Laden von Hand, aber auch bei der Herstellung der Waren angebracht werden, sodass Einzelh\u00e4ndler verkaufsfertige Ware empfangen, die f\u00fcr den schnelleren Wareneingang und Verkauf konsistent etikettiert ist.<\/p>\n<h2>Mehrwert f\u00fcr Einzelh\u00e4ndler<\/h2>\n<ul>\n<li>Zuverl\u00e4ssige Erfassungsleistung dank des bew\u00e4hrten AM-Konzepts und Herstellungsverfahrens von Sensormatic<\/li>\n<li>Hochwertiges Material und Pr\u00e4zisionsfertigung gew\u00e4hrleisten eine verl\u00e4ssliche Deaktivierung am POS<\/li>\n<li>Minimale Beeintr\u00e4chtigung von Markenbotschaften und wichtigen Produktinformationen dank geringer Gr\u00f6\u00dfe<\/li>\n<li>Robuste Konstruktion f\u00fcr optimalen Warenschutz<\/li>\n<li>Funktioniert gut bei Fl\u00fcssigkeiten, Folien und in Metalleinkaufswagen<\/li>\n<li>Reaktivierbar f\u00fcr eine unbegrenzte Wiederverwendung<\/li>\n<\/ul>\n","protected":false},"excerpt":{"rendered":"<p><strong>Produktcodes<\/strong><\/p>\n<ul>\n<li>ZLAPS1: Wei\u00df<\/li>\n<\/ul>\n<p><strong>Technologie<\/strong><br \/>\nAkustomagnetisch (AM)<\/p>\n<p><strong>Produktkompatibilit\u00e4t<\/strong><br \/>\nSensormatic AM-Erfassungs- und -Deaktivierungsger\u00e4te<\/p>\n","protected":false},"featured_media":3272,"template":"","meta":[],"product_cat":[114],"product_tag":[183,179,167,182],"class_list":["post-3229","product","type-product","status-publish","has-post-thumbnail","hentry","product_cat-klebeetiketten-sensormatic","product_tag-ap","product_tag-klebeetikett","product_tag-sensormatic","product_tag-zlaps1"],"tiered_pricing_type":"fixed","tiered_pricing_fixed_rules":[],"tiered_pricing_percentage_rules":[],"tiered_pricing_minimum":1,"_administrator_tiered_pricing_type":"fixed","_administrator_tiered_pricing_fixed_rules":[],"_editor_tiered_pricing_type":"fixed","_editor_tiered_pricing_fixed_rules":[],"_author_tiered_pricing_type":"fixed","_author_tiered_pricing_fixed_rules":[],"_contributor_tiered_pricing_type":"fixed","_contributor_tiered_pricing_fixed_rules":[],"_subscriber_tiered_pricing_type":"fixed","_subscriber_tiered_pricing_fixed_rules":[],"_customer_tiered_pricing_type":"fixed","_customer_tiered_pricing_fixed_rules":[],"_shop_manager_tiered_pricing_type":"fixed","_shop_manager_tiered_pricing_fixed_rules":[],"_wpseo_manager_tiered_pricing_type":"fixed","_wpseo_manager_tiered_pricing_fixed_rules":[],"_wpseo_editor_tiered_pricing_type":"fixed","_wpseo_editor_tiered_pricing_fixed_rules":[],"_translator_tiered_pricing_type":"fixed","_translator_tiered_pricing_fixed_rules":[],"yoast_head":"<!-- This site is optimized with the Yoast SEO plugin v25.4 - https:\/\/yoast.com\/wordpress\/plugins\/seo\/ -->\n<title>Sensormatic AP-Klebeetikett - ZLAPS1 VE: 5.000 \/ Optik: Wei\u00df - B&amp;S Service GmbH Shop<\/title>\n<meta name=\"description\" content=\"Sensormatic AP-Klebeetikett - ZLAPS1 VE: 5.000 \/ Optik: Wei\u00df &gt; im B&amp;S Sicherheitstechnik Shop kaufen\" \/>\n<meta name=\"robots\" content=\"index, follow, max-snippet:-1, max-image-preview:large, max-video-preview:-1\" \/>\n<link rel=\"canonical\" href=\"https:\/\/www.bs-eas.de\/shop\/produkt\/sensormatic-ap-klebeetikett-zlaps1-ve-5-000-optik-weiss\/\" \/>\n<meta property=\"og:locale\" content=\"de_DE\" \/>\n<meta property=\"og:type\" content=\"article\" \/>\n<meta property=\"og:title\" content=\"Sensormatic AP-Klebeetikett - ZLAPS1 VE: 5.000 \/ Optik: Wei\u00df - B&amp;S Service GmbH Shop\" \/>\n<meta property=\"og:description\" content=\"Sensormatic AP-Klebeetikett - ZLAPS1 VE: 5.000 \/ Optik: Wei\u00df &gt; im B&amp;S Sicherheitstechnik Shop kaufen\" \/>\n<meta property=\"og:url\" content=\"https:\/\/www.bs-eas.de\/shop\/produkt\/sensormatic-ap-klebeetikett-zlaps1-ve-5-000-optik-weiss\/\" \/>\n<meta property=\"og:site_name\" content=\"B&amp;S Service GmbH Shop\" \/>\n<meta property=\"article:publisher\" content=\"https:\/\/www.facebook.com\/profile.php?id=100057193283601\" \/>\n<meta property=\"article:modified_time\" content=\"2025-07-08T18:37:14+00:00\" \/>\n<meta property=\"og:image\" content=\"https:\/\/www.bs-eas.de\/shop\/wp-content\/uploads\/2023\/02\/Sensormatic-AP-Klebeetikett-ZLAPS1.jpg\" \/>\n\t<meta property=\"og:image:width\" content=\"600\" \/>\n\t<meta property=\"og:image:height\" content=\"600\" \/>\n\t<meta property=\"og:image:type\" content=\"image\/jpeg\" \/>\n<meta name=\"twitter:card\" content=\"summary_large_image\" \/>\n<meta name=\"twitter:label1\" content=\"Gesch\u00e4tzte Lesezeit\" \/>\n\t<meta name=\"twitter:data1\" content=\"1\u00a0Minute\" \/>\n<script type=\"application\/ld+json\" class=\"yoast-schema-graph\">{\"@context\":\"https:\/\/schema.org\",\"@graph\":[{\"@type\":\"WebPage\",\"@id\":\"https:\/\/www.bs-eas.de\/shop\/produkt\/sensormatic-ap-klebeetikett-zlaps1-ve-5-000-optik-weiss\/\",\"url\":\"https:\/\/www.bs-eas.de\/shop\/produkt\/sensormatic-ap-klebeetikett-zlaps1-ve-5-000-optik-weiss\/\",\"name\":\"Sensormatic AP-Klebeetikett - ZLAPS1 VE: 5.000 \/ Optik: Wei\u00df - B&amp;S Service GmbH Shop\",\"isPartOf\":{\"@id\":\"https:\/\/www.bs-eas.de\/shop\/#website\"},\"primaryImageOfPage\":{\"@id\":\"https:\/\/www.bs-eas.de\/shop\/produkt\/sensormatic-ap-klebeetikett-zlaps1-ve-5-000-optik-weiss\/#primaryimage\"},\"image\":{\"@id\":\"https:\/\/www.bs-eas.de\/shop\/produkt\/sensormatic-ap-klebeetikett-zlaps1-ve-5-000-optik-weiss\/#primaryimage\"},\"thumbnailUrl\":\"https:\/\/www.bs-eas.de\/shop\/wp-content\/uploads\/2023\/02\/Sensormatic-AP-Klebeetikett-ZLAPS1.jpg\",\"datePublished\":\"2023-02-26T16:31:04+00:00\",\"dateModified\":\"2025-07-08T18:37:14+00:00\",\"description\":\"Sensormatic AP-Klebeetikett - ZLAPS1 VE: 5.000 \/ Optik: Wei\u00df > im B&S Sicherheitstechnik Shop kaufen\",\"breadcrumb\":{\"@id\":\"https:\/\/www.bs-eas.de\/shop\/produkt\/sensormatic-ap-klebeetikett-zlaps1-ve-5-000-optik-weiss\/#breadcrumb\"},\"inLanguage\":\"de\",\"potentialAction\":[{\"@type\":\"ReadAction\",\"target\":[\"https:\/\/www.bs-eas.de\/shop\/produkt\/sensormatic-ap-klebeetikett-zlaps1-ve-5-000-optik-weiss\/\"]}]},{\"@type\":\"ImageObject\",\"inLanguage\":\"de\",\"@id\":\"https:\/\/www.bs-eas.de\/shop\/produkt\/sensormatic-ap-klebeetikett-zlaps1-ve-5-000-optik-weiss\/#primaryimage\",\"url\":\"https:\/\/www.bs-eas.de\/shop\/wp-content\/uploads\/2023\/02\/Sensormatic-AP-Klebeetikett-ZLAPS1.jpg\",\"contentUrl\":\"https:\/\/www.bs-eas.de\/shop\/wp-content\/uploads\/2023\/02\/Sensormatic-AP-Klebeetikett-ZLAPS1.jpg\",\"width\":600,\"height\":600,\"caption\":\"Sensormatic-AP-Klebeetikett-ZLAPS1\"},{\"@type\":\"BreadcrumbList\",\"@id\":\"https:\/\/www.bs-eas.de\/shop\/produkt\/sensormatic-ap-klebeetikett-zlaps1-ve-5-000-optik-weiss\/#breadcrumb\",\"itemListElement\":[{\"@type\":\"ListItem\",\"position\":1,\"name\":\"Startseite\",\"item\":\"https:\/\/www.bs-eas.de\/shop\/\"},{\"@type\":\"ListItem\",\"position\":2,\"name\":\"Produkte\",\"item\":\"https:\/\/www.bs-eas.de\/shop\/shop\/\"},{\"@type\":\"ListItem\",\"position\":3,\"name\":\"Sensormatic AP-Klebeetikett &#8211; ZLAPS1 VE: 5.000 \/ Optik: Wei\u00df\"}]},{\"@type\":\"WebSite\",\"@id\":\"https:\/\/www.bs-eas.de\/shop\/#website\",\"url\":\"https:\/\/www.bs-eas.de\/shop\/\",\"name\":\"Sicherheitstechnik Shop - B&S Service GmbH\",\"description\":\"\",\"publisher\":{\"@id\":\"https:\/\/www.bs-eas.de\/shop\/#organization\"},\"alternateName\":\"B&S Sicherheitstechnik Shop\",\"potentialAction\":[{\"@type\":\"SearchAction\",\"target\":{\"@type\":\"EntryPoint\",\"urlTemplate\":\"https:\/\/www.bs-eas.de\/shop\/?s={search_term_string}\"},\"query-input\":{\"@type\":\"PropertyValueSpecification\",\"valueRequired\":true,\"valueName\":\"search_term_string\"}}],\"inLanguage\":\"de\"},{\"@type\":\"Organization\",\"@id\":\"https:\/\/www.bs-eas.de\/shop\/#organization\",\"name\":\"Sicherheitstechnik Shop - B&S Service GmbH\",\"url\":\"https:\/\/www.bs-eas.de\/shop\/\",\"logo\":{\"@type\":\"ImageObject\",\"inLanguage\":\"de\",\"@id\":\"https:\/\/www.bs-eas.de\/shop\/#\/schema\/logo\/image\/\",\"url\":\"https:\/\/www.bs-eas.de\/shop\/wp-content\/uploads\/2022\/07\/BS-Logo.png\",\"contentUrl\":\"https:\/\/www.bs-eas.de\/shop\/wp-content\/uploads\/2022\/07\/BS-Logo.png\",\"width\":500,\"height\":250,\"caption\":\"Sicherheitstechnik Shop - B&S Service GmbH\"},\"image\":{\"@id\":\"https:\/\/www.bs-eas.de\/shop\/#\/schema\/logo\/image\/\"},\"sameAs\":[\"https:\/\/www.facebook.com\/profile.php?id=100057193283601\",\"https:\/\/www.instagram.com\/bundsservicegmbh\/\"]}]}<\/script>\n<!-- \/ Yoast SEO plugin. -->","yoast_head_json":{"title":"Sensormatic AP-Klebeetikett - ZLAPS1 VE: 5.000 \/ Optik: Wei\u00df - B&amp;S Service GmbH Shop","description":"Sensormatic AP-Klebeetikett - ZLAPS1 VE: 5.000 \/ Optik: Wei\u00df > im B&S Sicherheitstechnik Shop kaufen","robots":{"index":"index","follow":"follow","max-snippet":"max-snippet:-1","max-image-preview":"max-image-preview:large","max-video-preview":"max-video-preview:-1"},"canonical":"https:\/\/www.bs-eas.de\/shop\/produkt\/sensormatic-ap-klebeetikett-zlaps1-ve-5-000-optik-weiss\/","og_locale":"de_DE","og_type":"article","og_title":"Sensormatic AP-Klebeetikett - ZLAPS1 VE: 5.000 \/ Optik: Wei\u00df - B&amp;S Service GmbH Shop","og_description":"Sensormatic AP-Klebeetikett - ZLAPS1 VE: 5.000 \/ Optik: Wei\u00df > im B&S Sicherheitstechnik Shop kaufen","og_url":"https:\/\/www.bs-eas.de\/shop\/produkt\/sensormatic-ap-klebeetikett-zlaps1-ve-5-000-optik-weiss\/","og_site_name":"B&amp;S Service GmbH Shop","article_publisher":"https:\/\/www.facebook.com\/profile.php?id=100057193283601","article_modified_time":"2025-07-08T18:37:14+00:00","og_image":[{"width":600,"height":600,"url":"https:\/\/www.bs-eas.de\/shop\/wp-content\/uploads\/2023\/02\/Sensormatic-AP-Klebeetikett-ZLAPS1.jpg","type":"image\/jpeg"}],"twitter_card":"summary_large_image","twitter_misc":{"Gesch\u00e4tzte Lesezeit":"1\u00a0Minute"},"schema":{"@context":"https:\/\/schema.org","@graph":[{"@type":"WebPage","@id":"https:\/\/www.bs-eas.de\/shop\/produkt\/sensormatic-ap-klebeetikett-zlaps1-ve-5-000-optik-weiss\/","url":"https:\/\/www.bs-eas.de\/shop\/produkt\/sensormatic-ap-klebeetikett-zlaps1-ve-5-000-optik-weiss\/","name":"Sensormatic AP-Klebeetikett - ZLAPS1 VE: 5.000 \/ Optik: Wei\u00df - B&amp;S Service GmbH Shop","isPartOf":{"@id":"https:\/\/www.bs-eas.de\/shop\/#website"},"primaryImageOfPage":{"@id":"https:\/\/www.bs-eas.de\/shop\/produkt\/sensormatic-ap-klebeetikett-zlaps1-ve-5-000-optik-weiss\/#primaryimage"},"image":{"@id":"https:\/\/www.bs-eas.de\/shop\/produkt\/sensormatic-ap-klebeetikett-zlaps1-ve-5-000-optik-weiss\/#primaryimage"},"thumbnailUrl":"https:\/\/www.bs-eas.de\/shop\/wp-content\/uploads\/2023\/02\/Sensormatic-AP-Klebeetikett-ZLAPS1.jpg","datePublished":"2023-02-26T16:31:04+00:00","dateModified":"2025-07-08T18:37:14+00:00","description":"Sensormatic AP-Klebeetikett - ZLAPS1 VE: 5.000 \/ Optik: Wei\u00df > im B&S Sicherheitstechnik Shop kaufen","breadcrumb":{"@id":"https:\/\/www.bs-eas.de\/shop\/produkt\/sensormatic-ap-klebeetikett-zlaps1-ve-5-000-optik-weiss\/#breadcrumb"},"inLanguage":"de","potentialAction":[{"@type":"ReadAction","target":["https:\/\/www.bs-eas.de\/shop\/produkt\/sensormatic-ap-klebeetikett-zlaps1-ve-5-000-optik-weiss\/"]}]},{"@type":"ImageObject","inLanguage":"de","@id":"https:\/\/www.bs-eas.de\/shop\/produkt\/sensormatic-ap-klebeetikett-zlaps1-ve-5-000-optik-weiss\/#primaryimage","url":"https:\/\/www.bs-eas.de\/shop\/wp-content\/uploads\/2023\/02\/Sensormatic-AP-Klebeetikett-ZLAPS1.jpg","contentUrl":"https:\/\/www.bs-eas.de\/shop\/wp-content\/uploads\/2023\/02\/Sensormatic-AP-Klebeetikett-ZLAPS1.jpg","width":600,"height":600,"caption":"Sensormatic-AP-Klebeetikett-ZLAPS1"},{"@type":"BreadcrumbList","@id":"https:\/\/www.bs-eas.de\/shop\/produkt\/sensormatic-ap-klebeetikett-zlaps1-ve-5-000-optik-weiss\/#breadcrumb","itemListElement":[{"@type":"ListItem","position":1,"name":"Startseite","item":"https:\/\/www.bs-eas.de\/shop\/"},{"@type":"ListItem","position":2,"name":"Produkte","item":"https:\/\/www.bs-eas.de\/shop\/shop\/"},{"@type":"ListItem","position":3,"name":"Sensormatic AP-Klebeetikett &#8211; ZLAPS1 VE: 5.000 \/ Optik: Wei\u00df"}]},{"@type":"WebSite","@id":"https:\/\/www.bs-eas.de\/shop\/#website","url":"https:\/\/www.bs-eas.de\/shop\/","name":"Sicherheitstechnik Shop - B&S Service GmbH","description":"","publisher":{"@id":"https:\/\/www.bs-eas.de\/shop\/#organization"},"alternateName":"B&S Sicherheitstechnik Shop","potentialAction":[{"@type":"SearchAction","target":{"@type":"EntryPoint","urlTemplate":"https:\/\/www.bs-eas.de\/shop\/?s={search_term_string}"},"query-input":{"@type":"PropertyValueSpecification","valueRequired":true,"valueName":"search_term_string"}}],"inLanguage":"de"},{"@type":"Organization","@id":"https:\/\/www.bs-eas.de\/shop\/#organization","name":"Sicherheitstechnik Shop - B&S Service GmbH","url":"https:\/\/www.bs-eas.de\/shop\/","logo":{"@type":"ImageObject","inLanguage":"de","@id":"https:\/\/www.bs-eas.de\/shop\/#\/schema\/logo\/image\/","url":"https:\/\/www.bs-eas.de\/shop\/wp-content\/uploads\/2022\/07\/BS-Logo.png","contentUrl":"https:\/\/www.bs-eas.de\/shop\/wp-content\/uploads\/2022\/07\/BS-Logo.png","width":500,"height":250,"caption":"Sicherheitstechnik Shop - B&S Service GmbH"},"image":{"@id":"https:\/\/www.bs-eas.de\/shop\/#\/schema\/logo\/image\/"},"sameAs":["https:\/\/www.facebook.com\/profile.php?id=100057193283601","https:\/\/www.instagram.com\/bundsservicegmbh\/"]}]}},"_links":{"self":[{"href":"https:\/\/www.bs-eas.de\/shop\/wp-json\/wp\/v2\/product\/3229"}],"collection":[{"href":"https:\/\/www.bs-eas.de\/shop\/wp-json\/wp\/v2\/product"}],"about":[{"href":"https:\/\/www.bs-eas.de\/shop\/wp-json\/wp\/v2\/types\/product"}],"wp:featuredmedia":[{"embeddable":true,"href":"https:\/\/www.bs-eas.de\/shop\/wp-json\/wp\/v2\/media\/3272"}],"wp:attachment":[{"href":"https:\/\/www.bs-eas.de\/shop\/wp-json\/wp\/v2\/media?parent=3229"}],"wp:term":[{"taxonomy":"product_cat","embeddable":true,"href":"https:\/\/www.bs-eas.de\/shop\/wp-json\/wp\/v2\/product_cat?post=3229"},{"taxonomy":"product_tag","embeddable":true,"href":"https:\/\/www.bs-eas.de\/shop\/wp-json\/wp\/v2\/product_tag?post=3229"}],"curies":[{"name":"wp","href":"https:\/\/api.w.org\/{rel}","templated":true}]}}