{"id":3224,"date":"2023-02-26T17:31:03","date_gmt":"2023-02-26T16:31:03","guid":{"rendered":"https:\/\/www.bs-eas.de\/shop\/?post_type=product&#038;p=3224"},"modified":"2025-07-08T20:55:16","modified_gmt":"2025-07-08T18:55:16","slug":"sensormatic-drogerie-klebeetikett-zlhbcs1-ve-8-800-optik-weiss","status":"publish","type":"product","link":"https:\/\/www.bs-eas.de\/shop\/produkt\/sensormatic-drogerie-klebeetikett-zlhbcs1-ve-8-800-optik-weiss\/","title":{"rendered":"Sensormatic Drogerie-Klebeetikett &#8211; ZLHBCS1 VE: 8.800 \/ Optik: Wei\u00df"},"content":{"rendered":"<h2>Klebeetiketten f\u00fcr Drogerieartikel (auf Blatt)<\/h2>\n<p style=\"text-align: justify;\">Die blattweise gelieferten Klebeetiketten f\u00fcr Gesundheits- und Kosmetikprodukte sch\u00fctzen selbst schmalste Artikel mit der bew\u00e4hrten Sensormatic-Technologie. Mit diesem AM-EAS-Etikett lassen sich hoch diebstahlgef\u00e4hrdete Produkte sichern, die aufgrund ihrer geringen Gr\u00f6\u00dfe unauff\u00e4llig in Taschen oder Kleidung versteckt werden k\u00f6nnen. Das Klebeetikett f\u00fcr Drogerieartikel \u00fcberzeugt durch eine zuverl\u00e4ssige Erkennungsleistung und Deaktivierung an der Kasse (Point-of-Sale, POS). Das Etikett kann im Laden von Hand, aber auch direkt bei der Herstellung der Waren angebracht werden, sodass Einzelh\u00e4ndler verkaufsfertige Ware empfangen, die f\u00fcr den schnelleren Wareneingang und Verkauf konsistent etikettiert ist.<\/p>\n<h2>Mehrwert f\u00fcr Einzelh\u00e4ndler<\/h2>\n<ul>\n<li>Bew\u00e4hrtes AM-Konzept und Herstellungsverfahren von Sensormatic<\/li>\n<li>Sch\u00fctzt zylinderf\u00f6rmige Waren, die zu schmal f\u00fcr herk\u00f6mmliche EAS-Klebeetiketten sind (z. B. Kosmetikartikel, Haut und Zahnpflegeprodukte)<\/li>\n<li>Offene Warenpr\u00e4sentation mit guterWarensicherung<\/li>\n<\/ul>\n","protected":false},"excerpt":{"rendered":"<p><strong>Produktcodes:<\/strong><br \/>\nZLHBCS1: Wei\u00df<\/p>\n<p><strong>Technologie<\/strong><br \/>\nAkustomagnetisch (AM)<\/p>\n<p><strong>Produktkompatibilit\u00e4t<\/strong><br \/>\nSensormatic-AM-Erfassungs- und -Deaktivierungsger\u00e4te<\/p>\n","protected":false},"featured_media":3333,"template":"","meta":[],"product_cat":[114],"product_tag":[187,167,211],"class_list":["post-3224","product","type-product","status-publish","has-post-thumbnail","hentry","product_cat-klebeetiketten-sensormatic","product_tag-klebeetiketten","product_tag-sensormatic","product_tag-zlhbcs1"],"tiered_pricing_type":"fixed","tiered_pricing_fixed_rules":[],"tiered_pricing_percentage_rules":[],"tiered_pricing_minimum":1,"_administrator_tiered_pricing_type":"fixed","_administrator_tiered_pricing_fixed_rules":[],"_editor_tiered_pricing_type":"fixed","_editor_tiered_pricing_fixed_rules":[],"_author_tiered_pricing_type":"fixed","_author_tiered_pricing_fixed_rules":[],"_contributor_tiered_pricing_type":"fixed","_contributor_tiered_pricing_fixed_rules":[],"_subscriber_tiered_pricing_type":"fixed","_subscriber_tiered_pricing_fixed_rules":[],"_customer_tiered_pricing_type":"fixed","_customer_tiered_pricing_fixed_rules":[],"_shop_manager_tiered_pricing_type":"fixed","_shop_manager_tiered_pricing_fixed_rules":[],"_wpseo_manager_tiered_pricing_type":"fixed","_wpseo_manager_tiered_pricing_fixed_rules":[],"_wpseo_editor_tiered_pricing_type":"fixed","_wpseo_editor_tiered_pricing_fixed_rules":[],"_translator_tiered_pricing_type":"fixed","_translator_tiered_pricing_fixed_rules":[],"yoast_head":"<!-- This site is optimized with the Yoast SEO plugin v25.4 - https:\/\/yoast.com\/wordpress\/plugins\/seo\/ -->\n<title>Sensormatic Drogerie-Klebeetikett - ZLHBCS1 VE: 8.800 \/ Optik: Wei\u00df - B&amp;S Service GmbH Shop<\/title>\n<meta name=\"description\" content=\"Sensormatic Drogerie-Klebeetikett - ZLHBCS1 VE: 8.800 \/ Optik: Wei\u00df &gt; im B&amp;S Sicherheitstechnik Shop kaufen\" \/>\n<meta name=\"robots\" content=\"index, follow, max-snippet:-1, max-image-preview:large, max-video-preview:-1\" \/>\n<link rel=\"canonical\" href=\"https:\/\/www.bs-eas.de\/shop\/produkt\/sensormatic-drogerie-klebeetikett-zlhbcs1-ve-8-800-optik-weiss\/\" \/>\n<meta property=\"og:locale\" content=\"de_DE\" \/>\n<meta property=\"og:type\" content=\"article\" \/>\n<meta property=\"og:title\" content=\"Sensormatic Drogerie-Klebeetikett - ZLHBCS1 VE: 8.800 \/ Optik: Wei\u00df - B&amp;S Service GmbH Shop\" \/>\n<meta property=\"og:description\" content=\"Sensormatic Drogerie-Klebeetikett - ZLHBCS1 VE: 8.800 \/ Optik: Wei\u00df &gt; im B&amp;S Sicherheitstechnik Shop kaufen\" \/>\n<meta property=\"og:url\" content=\"https:\/\/www.bs-eas.de\/shop\/produkt\/sensormatic-drogerie-klebeetikett-zlhbcs1-ve-8-800-optik-weiss\/\" \/>\n<meta property=\"og:site_name\" content=\"B&amp;S Service GmbH Shop\" \/>\n<meta property=\"article:publisher\" content=\"https:\/\/www.facebook.com\/profile.php?id=100057193283601\" \/>\n<meta property=\"article:modified_time\" content=\"2025-07-08T18:55:16+00:00\" \/>\n<meta property=\"og:image\" content=\"https:\/\/www.bs-eas.de\/shop\/wp-content\/uploads\/2023\/02\/Sensormatic-Klebeetiketten-ZLHBCS1-Weiss.jpg\" \/>\n\t<meta property=\"og:image:width\" content=\"600\" \/>\n\t<meta property=\"og:image:height\" content=\"600\" \/>\n\t<meta property=\"og:image:type\" content=\"image\/jpeg\" \/>\n<meta name=\"twitter:card\" content=\"summary_large_image\" \/>\n<meta name=\"twitter:label1\" content=\"Gesch\u00e4tzte Lesezeit\" \/>\n\t<meta name=\"twitter:data1\" content=\"1\u00a0Minute\" \/>\n<script type=\"application\/ld+json\" class=\"yoast-schema-graph\">{\"@context\":\"https:\/\/schema.org\",\"@graph\":[{\"@type\":\"WebPage\",\"@id\":\"https:\/\/www.bs-eas.de\/shop\/produkt\/sensormatic-drogerie-klebeetikett-zlhbcs1-ve-8-800-optik-weiss\/\",\"url\":\"https:\/\/www.bs-eas.de\/shop\/produkt\/sensormatic-drogerie-klebeetikett-zlhbcs1-ve-8-800-optik-weiss\/\",\"name\":\"Sensormatic Drogerie-Klebeetikett - ZLHBCS1 VE: 8.800 \/ Optik: Wei\u00df - B&amp;S Service GmbH Shop\",\"isPartOf\":{\"@id\":\"https:\/\/www.bs-eas.de\/shop\/#website\"},\"primaryImageOfPage\":{\"@id\":\"https:\/\/www.bs-eas.de\/shop\/produkt\/sensormatic-drogerie-klebeetikett-zlhbcs1-ve-8-800-optik-weiss\/#primaryimage\"},\"image\":{\"@id\":\"https:\/\/www.bs-eas.de\/shop\/produkt\/sensormatic-drogerie-klebeetikett-zlhbcs1-ve-8-800-optik-weiss\/#primaryimage\"},\"thumbnailUrl\":\"https:\/\/www.bs-eas.de\/shop\/wp-content\/uploads\/2023\/02\/Sensormatic-Klebeetiketten-ZLHBCS1-Weiss.jpg\",\"datePublished\":\"2023-02-26T16:31:03+00:00\",\"dateModified\":\"2025-07-08T18:55:16+00:00\",\"description\":\"Sensormatic Drogerie-Klebeetikett - ZLHBCS1 VE: 8.800 \/ Optik: Wei\u00df > im B&S Sicherheitstechnik Shop kaufen\",\"breadcrumb\":{\"@id\":\"https:\/\/www.bs-eas.de\/shop\/produkt\/sensormatic-drogerie-klebeetikett-zlhbcs1-ve-8-800-optik-weiss\/#breadcrumb\"},\"inLanguage\":\"de\",\"potentialAction\":[{\"@type\":\"ReadAction\",\"target\":[\"https:\/\/www.bs-eas.de\/shop\/produkt\/sensormatic-drogerie-klebeetikett-zlhbcs1-ve-8-800-optik-weiss\/\"]}]},{\"@type\":\"ImageObject\",\"inLanguage\":\"de\",\"@id\":\"https:\/\/www.bs-eas.de\/shop\/produkt\/sensormatic-drogerie-klebeetikett-zlhbcs1-ve-8-800-optik-weiss\/#primaryimage\",\"url\":\"https:\/\/www.bs-eas.de\/shop\/wp-content\/uploads\/2023\/02\/Sensormatic-Klebeetiketten-ZLHBCS1-Weiss.jpg\",\"contentUrl\":\"https:\/\/www.bs-eas.de\/shop\/wp-content\/uploads\/2023\/02\/Sensormatic-Klebeetiketten-ZLHBCS1-Weiss.jpg\",\"width\":600,\"height\":600,\"caption\":\"Sensormatic-Klebeetiketten-ZLHBCS1-Wei\u00df\"},{\"@type\":\"BreadcrumbList\",\"@id\":\"https:\/\/www.bs-eas.de\/shop\/produkt\/sensormatic-drogerie-klebeetikett-zlhbcs1-ve-8-800-optik-weiss\/#breadcrumb\",\"itemListElement\":[{\"@type\":\"ListItem\",\"position\":1,\"name\":\"Startseite\",\"item\":\"https:\/\/www.bs-eas.de\/shop\/\"},{\"@type\":\"ListItem\",\"position\":2,\"name\":\"Produkte\",\"item\":\"https:\/\/www.bs-eas.de\/shop\/shop\/\"},{\"@type\":\"ListItem\",\"position\":3,\"name\":\"Sensormatic Drogerie-Klebeetikett &#8211; ZLHBCS1 VE: 8.800 \/ Optik: Wei\u00df\"}]},{\"@type\":\"WebSite\",\"@id\":\"https:\/\/www.bs-eas.de\/shop\/#website\",\"url\":\"https:\/\/www.bs-eas.de\/shop\/\",\"name\":\"Sicherheitstechnik Shop - B&S Service GmbH\",\"description\":\"\",\"publisher\":{\"@id\":\"https:\/\/www.bs-eas.de\/shop\/#organization\"},\"alternateName\":\"B&S Sicherheitstechnik Shop\",\"potentialAction\":[{\"@type\":\"SearchAction\",\"target\":{\"@type\":\"EntryPoint\",\"urlTemplate\":\"https:\/\/www.bs-eas.de\/shop\/?s={search_term_string}\"},\"query-input\":{\"@type\":\"PropertyValueSpecification\",\"valueRequired\":true,\"valueName\":\"search_term_string\"}}],\"inLanguage\":\"de\"},{\"@type\":\"Organization\",\"@id\":\"https:\/\/www.bs-eas.de\/shop\/#organization\",\"name\":\"Sicherheitstechnik Shop - B&S Service GmbH\",\"url\":\"https:\/\/www.bs-eas.de\/shop\/\",\"logo\":{\"@type\":\"ImageObject\",\"inLanguage\":\"de\",\"@id\":\"https:\/\/www.bs-eas.de\/shop\/#\/schema\/logo\/image\/\",\"url\":\"https:\/\/www.bs-eas.de\/shop\/wp-content\/uploads\/2022\/07\/BS-Logo.png\",\"contentUrl\":\"https:\/\/www.bs-eas.de\/shop\/wp-content\/uploads\/2022\/07\/BS-Logo.png\",\"width\":500,\"height\":250,\"caption\":\"Sicherheitstechnik Shop - B&S Service GmbH\"},\"image\":{\"@id\":\"https:\/\/www.bs-eas.de\/shop\/#\/schema\/logo\/image\/\"},\"sameAs\":[\"https:\/\/www.facebook.com\/profile.php?id=100057193283601\",\"https:\/\/www.instagram.com\/bundsservicegmbh\/\"]}]}<\/script>\n<!-- \/ Yoast SEO plugin. -->","yoast_head_json":{"title":"Sensormatic Drogerie-Klebeetikett - ZLHBCS1 VE: 8.800 \/ Optik: Wei\u00df - B&amp;S Service GmbH Shop","description":"Sensormatic Drogerie-Klebeetikett - ZLHBCS1 VE: 8.800 \/ Optik: Wei\u00df > im B&S Sicherheitstechnik Shop kaufen","robots":{"index":"index","follow":"follow","max-snippet":"max-snippet:-1","max-image-preview":"max-image-preview:large","max-video-preview":"max-video-preview:-1"},"canonical":"https:\/\/www.bs-eas.de\/shop\/produkt\/sensormatic-drogerie-klebeetikett-zlhbcs1-ve-8-800-optik-weiss\/","og_locale":"de_DE","og_type":"article","og_title":"Sensormatic Drogerie-Klebeetikett - ZLHBCS1 VE: 8.800 \/ Optik: Wei\u00df - B&amp;S Service GmbH Shop","og_description":"Sensormatic Drogerie-Klebeetikett - ZLHBCS1 VE: 8.800 \/ Optik: Wei\u00df > im B&S Sicherheitstechnik Shop kaufen","og_url":"https:\/\/www.bs-eas.de\/shop\/produkt\/sensormatic-drogerie-klebeetikett-zlhbcs1-ve-8-800-optik-weiss\/","og_site_name":"B&amp;S Service GmbH Shop","article_publisher":"https:\/\/www.facebook.com\/profile.php?id=100057193283601","article_modified_time":"2025-07-08T18:55:16+00:00","og_image":[{"width":600,"height":600,"url":"https:\/\/www.bs-eas.de\/shop\/wp-content\/uploads\/2023\/02\/Sensormatic-Klebeetiketten-ZLHBCS1-Weiss.jpg","type":"image\/jpeg"}],"twitter_card":"summary_large_image","twitter_misc":{"Gesch\u00e4tzte Lesezeit":"1\u00a0Minute"},"schema":{"@context":"https:\/\/schema.org","@graph":[{"@type":"WebPage","@id":"https:\/\/www.bs-eas.de\/shop\/produkt\/sensormatic-drogerie-klebeetikett-zlhbcs1-ve-8-800-optik-weiss\/","url":"https:\/\/www.bs-eas.de\/shop\/produkt\/sensormatic-drogerie-klebeetikett-zlhbcs1-ve-8-800-optik-weiss\/","name":"Sensormatic Drogerie-Klebeetikett - ZLHBCS1 VE: 8.800 \/ Optik: Wei\u00df - B&amp;S Service GmbH Shop","isPartOf":{"@id":"https:\/\/www.bs-eas.de\/shop\/#website"},"primaryImageOfPage":{"@id":"https:\/\/www.bs-eas.de\/shop\/produkt\/sensormatic-drogerie-klebeetikett-zlhbcs1-ve-8-800-optik-weiss\/#primaryimage"},"image":{"@id":"https:\/\/www.bs-eas.de\/shop\/produkt\/sensormatic-drogerie-klebeetikett-zlhbcs1-ve-8-800-optik-weiss\/#primaryimage"},"thumbnailUrl":"https:\/\/www.bs-eas.de\/shop\/wp-content\/uploads\/2023\/02\/Sensormatic-Klebeetiketten-ZLHBCS1-Weiss.jpg","datePublished":"2023-02-26T16:31:03+00:00","dateModified":"2025-07-08T18:55:16+00:00","description":"Sensormatic Drogerie-Klebeetikett - ZLHBCS1 VE: 8.800 \/ Optik: Wei\u00df > im B&S Sicherheitstechnik Shop kaufen","breadcrumb":{"@id":"https:\/\/www.bs-eas.de\/shop\/produkt\/sensormatic-drogerie-klebeetikett-zlhbcs1-ve-8-800-optik-weiss\/#breadcrumb"},"inLanguage":"de","potentialAction":[{"@type":"ReadAction","target":["https:\/\/www.bs-eas.de\/shop\/produkt\/sensormatic-drogerie-klebeetikett-zlhbcs1-ve-8-800-optik-weiss\/"]}]},{"@type":"ImageObject","inLanguage":"de","@id":"https:\/\/www.bs-eas.de\/shop\/produkt\/sensormatic-drogerie-klebeetikett-zlhbcs1-ve-8-800-optik-weiss\/#primaryimage","url":"https:\/\/www.bs-eas.de\/shop\/wp-content\/uploads\/2023\/02\/Sensormatic-Klebeetiketten-ZLHBCS1-Weiss.jpg","contentUrl":"https:\/\/www.bs-eas.de\/shop\/wp-content\/uploads\/2023\/02\/Sensormatic-Klebeetiketten-ZLHBCS1-Weiss.jpg","width":600,"height":600,"caption":"Sensormatic-Klebeetiketten-ZLHBCS1-Wei\u00df"},{"@type":"BreadcrumbList","@id":"https:\/\/www.bs-eas.de\/shop\/produkt\/sensormatic-drogerie-klebeetikett-zlhbcs1-ve-8-800-optik-weiss\/#breadcrumb","itemListElement":[{"@type":"ListItem","position":1,"name":"Startseite","item":"https:\/\/www.bs-eas.de\/shop\/"},{"@type":"ListItem","position":2,"name":"Produkte","item":"https:\/\/www.bs-eas.de\/shop\/shop\/"},{"@type":"ListItem","position":3,"name":"Sensormatic Drogerie-Klebeetikett &#8211; ZLHBCS1 VE: 8.800 \/ Optik: Wei\u00df"}]},{"@type":"WebSite","@id":"https:\/\/www.bs-eas.de\/shop\/#website","url":"https:\/\/www.bs-eas.de\/shop\/","name":"Sicherheitstechnik Shop - B&S Service GmbH","description":"","publisher":{"@id":"https:\/\/www.bs-eas.de\/shop\/#organization"},"alternateName":"B&S Sicherheitstechnik Shop","potentialAction":[{"@type":"SearchAction","target":{"@type":"EntryPoint","urlTemplate":"https:\/\/www.bs-eas.de\/shop\/?s={search_term_string}"},"query-input":{"@type":"PropertyValueSpecification","valueRequired":true,"valueName":"search_term_string"}}],"inLanguage":"de"},{"@type":"Organization","@id":"https:\/\/www.bs-eas.de\/shop\/#organization","name":"Sicherheitstechnik Shop - B&S Service GmbH","url":"https:\/\/www.bs-eas.de\/shop\/","logo":{"@type":"ImageObject","inLanguage":"de","@id":"https:\/\/www.bs-eas.de\/shop\/#\/schema\/logo\/image\/","url":"https:\/\/www.bs-eas.de\/shop\/wp-content\/uploads\/2022\/07\/BS-Logo.png","contentUrl":"https:\/\/www.bs-eas.de\/shop\/wp-content\/uploads\/2022\/07\/BS-Logo.png","width":500,"height":250,"caption":"Sicherheitstechnik Shop - B&S Service GmbH"},"image":{"@id":"https:\/\/www.bs-eas.de\/shop\/#\/schema\/logo\/image\/"},"sameAs":["https:\/\/www.facebook.com\/profile.php?id=100057193283601","https:\/\/www.instagram.com\/bundsservicegmbh\/"]}]}},"_links":{"self":[{"href":"https:\/\/www.bs-eas.de\/shop\/wp-json\/wp\/v2\/product\/3224"}],"collection":[{"href":"https:\/\/www.bs-eas.de\/shop\/wp-json\/wp\/v2\/product"}],"about":[{"href":"https:\/\/www.bs-eas.de\/shop\/wp-json\/wp\/v2\/types\/product"}],"wp:featuredmedia":[{"embeddable":true,"href":"https:\/\/www.bs-eas.de\/shop\/wp-json\/wp\/v2\/media\/3333"}],"wp:attachment":[{"href":"https:\/\/www.bs-eas.de\/shop\/wp-json\/wp\/v2\/media?parent=3224"}],"wp:term":[{"taxonomy":"product_cat","embeddable":true,"href":"https:\/\/www.bs-eas.de\/shop\/wp-json\/wp\/v2\/product_cat?post=3224"},{"taxonomy":"product_tag","embeddable":true,"href":"https:\/\/www.bs-eas.de\/shop\/wp-json\/wp\/v2\/product_tag?post=3224"}],"curies":[{"name":"wp","href":"https:\/\/api.w.org\/{rel}","templated":true}]}}